{"id":1729,"date":"2025-11-21T13:02:14","date_gmt":"2025-11-21T12:02:14","guid":{"rendered":"https:\/\/laspacas.com\/politica-cookies\/"},"modified":"2025-11-21T13:02:14","modified_gmt":"2025-11-21T12:02:14","slug":"politica-cookies","status":"publish","type":"page","link":"https:\/\/laspacas.com\/en\/politica-cookies\/","title":{"rendered":"Pol\u00edtica de Cookies"},"content":{"rendered":"<p>[et_pb_section fb_built=&#8221;1&#8243; _builder_version=&#8221;4.27.4&#8243; _module_preset=&#8221;default&#8221; global_colors_info=&#8221;{}&#8221;][et_pb_row _builder_version=&#8221;4.27.4&#8243; _module_preset=&#8221;default&#8221; global_colors_info=&#8221;{}&#8221;][et_pb_column type=&#8221;4_4&#8243; _builder_version=&#8221;4.27.4&#8243; _module_preset=&#8221;default&#8221; global_colors_info=&#8221;{}&#8221;][et_pb_heading title=&#8221;Pol\u00edtica de Cookies&#8221; _builder_version=&#8221;4.27.4&#8243; _module_preset=&#8221;default&#8221; title_font=&#8221;|600|||||||&#8221; custom_margin=&#8221;||||false|false&#8221; custom_padding=&#8221;||||false|false&#8221; hover_enabled=&#8221;0&#8243; global_colors_info=&#8221;{}&#8221; title_font_size=&#8221;26px&#8221; sticky_enabled=&#8221;0&#8243;][\/et_pb_heading][et_pb_text _builder_version=&#8221;4.27.4&#8243; _module_preset=&#8221;default&#8221; hover_enabled=&#8221;0&#8243; global_colors_info=&#8221;{}&#8221; sticky_enabled=&#8221;0&#8243;]<\/p>\n<p>Utilizamos cookies para facilitar el uso de nuestra p\u00e1gina web. Las cookies son peque\u00f1os ficheros de informaci\u00f3n que nos permiten comparar y entender c\u00f3mo nuestros usuarios navegan a trav\u00e9s de nuestra p\u00e1gina web, y de esta manera poder mejorar consecuentemente el proceso de navegaci\u00f3n. Las cookies que utilizamos no almacenan dato personal alguno, ni ning\u00fan tipo de informaci\u00f3n que pueda identificarle. En caso de no querer recibir cookies, por favor configure su navegador de Internet para que las borre del disco duro de su ordenador, las bloquee o le avise en caso de instalaci\u00f3n de las mismas. Para continuar sin cambios en la configuraci\u00f3n de las cookies, simplemente contin\u00fae en la p\u00e1gina web. Puedes obtener m\u00e1s informaci\u00f3n sobre las cookies y su uso en www.aboutcookies.org.<\/p>\n<p>[\/et_pb_text][\/et_pb_column][\/et_pb_row][\/et_pb_section]<\/p>\n","protected":false},"excerpt":{"rendered":"<p>Utilizamos cookies para facilitar el uso de nuestra p\u00e1gina web. Las cookies son peque\u00f1os ficheros de informaci\u00f3n que nos permiten comparar y entender c\u00f3mo nuestros usuarios navegan a trav\u00e9s de nuestra p\u00e1gina web, y de esta manera poder mejorar consecuentemente el proceso de navegaci\u00f3n. Las cookies que utilizamos no almacenan dato personal alguno, ni ning\u00fan [&hellip;]<\/p>\n","protected":false},"author":1,"featured_media":0,"parent":0,"menu_order":0,"comment_status":"closed","ping_status":"closed","template":"","meta":{"_et_pb_use_builder":"on","_et_pb_old_content":"","_et_gb_content_width":"","footnotes":""},"class_list":["post-1729","page","type-page","status-publish","hentry"],"yoast_head":"<!-- This site is optimized with the Yoast SEO plugin v27.0 - https:\/\/yoast.com\/product\/yoast-seo-wordpress\/ -->\n<title>\u00b7 LAS PACAS<\/title>\n<meta name=\"description\" content=\"\u00b7 LAS PACAS\" \/>\n<meta name=\"robots\" content=\"index, follow, max-snippet:-1, max-image-preview:large, max-video-preview:-1\" \/>\n<link rel=\"canonical\" href=\"https:\/\/laspacas.com\/en\/politica-cookies\/\" \/>\n<meta property=\"og:locale\" content=\"en_US\" \/>\n<meta property=\"og:type\" content=\"article\" \/>\n<meta property=\"og:title\" content=\"\u00b7 LAS PACAS\" \/>\n<meta property=\"og:description\" content=\"\u00b7 LAS PACAS\" \/>\n<meta property=\"og:url\" content=\"https:\/\/laspacas.com\/en\/politica-cookies\/\" \/>\n<meta property=\"og:site_name\" content=\"Las Pacas\" \/>\n<meta property=\"article:publisher\" content=\"https:\/\/www.facebook.com\/LasPacasOfficial\/\" \/>\n<meta property=\"og:image\" content=\"https:\/\/laspacas.com\/wp-content\/uploads\/2025\/11\/logo-las-pacas.webp\" \/>\n\t<meta property=\"og:image:width\" content=\"500\" \/>\n\t<meta property=\"og:image:height\" content=\"190\" \/>\n\t<meta property=\"og:image:type\" content=\"image\/webp\" \/>\n<meta name=\"twitter:label1\" content=\"Est. reading time\" \/>\n\t<meta name=\"twitter:data1\" content=\"1 minute\" \/>\n<script type=\"application\/ld+json\" class=\"yoast-schema-graph\">{\"@context\":\"https:\/\/schema.org\",\"@graph\":[{\"@type\":\"WebPage\",\"@id\":\"https:\/\/laspacas.com\/en\/politica-cookies\/\",\"url\":\"https:\/\/laspacas.com\/en\/politica-cookies\/\",\"name\":\"\u00b7 LAS PACAS\",\"isPartOf\":{\"@id\":\"https:\/\/laspacas.com\/en\/#website\"},\"datePublished\":\"2025-11-21T12:02:14+00:00\",\"description\":\"\u00b7 LAS PACAS\",\"breadcrumb\":{\"@id\":\"https:\/\/laspacas.com\/en\/politica-cookies\/#breadcrumb\"},\"inLanguage\":\"en-US\",\"potentialAction\":[{\"@type\":\"ReadAction\",\"target\":[\"https:\/\/laspacas.com\/en\/politica-cookies\/\"]}]},{\"@type\":\"BreadcrumbList\",\"@id\":\"https:\/\/laspacas.com\/en\/politica-cookies\/#breadcrumb\",\"itemListElement\":[{\"@type\":\"ListItem\",\"position\":1,\"name\":\"Portada\",\"item\":\"https:\/\/laspacas.com\/en\/\"},{\"@type\":\"ListItem\",\"position\":2,\"name\":\"Pol\u00edtica de Cookies\"}]},{\"@type\":\"WebSite\",\"@id\":\"https:\/\/laspacas.com\/en\/#website\",\"url\":\"https:\/\/laspacas.com\/en\/\",\"name\":\"Las Pacas\",\"description\":\"Fabricante de Alpargatas y Sneakers en La Rioja\",\"publisher\":{\"@id\":\"https:\/\/laspacas.com\/en\/#organization\"},\"alternateName\":\"Las Pacas\",\"potentialAction\":[{\"@type\":\"SearchAction\",\"target\":{\"@type\":\"EntryPoint\",\"urlTemplate\":\"https:\/\/laspacas.com\/en\/?s={search_term_string}\"},\"query-input\":{\"@type\":\"PropertyValueSpecification\",\"valueRequired\":true,\"valueName\":\"search_term_string\"}}],\"inLanguage\":\"en-US\"},{\"@type\":\"Organization\",\"@id\":\"https:\/\/laspacas.com\/en\/#organization\",\"name\":\"Las Pacas Original SL\",\"alternateName\":\"Las Pacas\",\"url\":\"https:\/\/laspacas.com\/en\/\",\"logo\":{\"@type\":\"ImageObject\",\"inLanguage\":\"en-US\",\"@id\":\"https:\/\/laspacas.com\/en\/#\/schema\/logo\/image\/\",\"url\":\"https:\/\/laspacas.com\/wp-content\/uploads\/2025\/11\/logo-las-pacas.webp\",\"contentUrl\":\"https:\/\/laspacas.com\/wp-content\/uploads\/2025\/11\/logo-las-pacas.webp\",\"width\":500,\"height\":190,\"caption\":\"Las Pacas Original SL\"},\"image\":{\"@id\":\"https:\/\/laspacas.com\/en\/#\/schema\/logo\/image\/\"},\"sameAs\":[\"https:\/\/www.facebook.com\/LasPacasOfficial\/\",\"https:\/\/www.instagram.com\/laspacasofficial\/\"]}]}<\/script>\n<!-- \/ Yoast SEO plugin. -->","yoast_head_json":{"title":"\u00b7 LAS PACAS","description":"\u00b7 LAS PACAS","robots":{"index":"index","follow":"follow","max-snippet":"max-snippet:-1","max-image-preview":"max-image-preview:large","max-video-preview":"max-video-preview:-1"},"canonical":"https:\/\/laspacas.com\/en\/politica-cookies\/","og_locale":"en_US","og_type":"article","og_title":"\u00b7 LAS PACAS","og_description":"\u00b7 LAS PACAS","og_url":"https:\/\/laspacas.com\/en\/politica-cookies\/","og_site_name":"Las Pacas","article_publisher":"https:\/\/www.facebook.com\/LasPacasOfficial\/","og_image":[{"width":500,"height":190,"url":"https:\/\/laspacas.com\/wp-content\/uploads\/2025\/11\/logo-las-pacas.webp","type":"image\/webp"}],"twitter_misc":{"Est. reading time":"1 minute"},"schema":{"@context":"https:\/\/schema.org","@graph":[{"@type":"WebPage","@id":"https:\/\/laspacas.com\/en\/politica-cookies\/","url":"https:\/\/laspacas.com\/en\/politica-cookies\/","name":"\u00b7 LAS PACAS","isPartOf":{"@id":"https:\/\/laspacas.com\/en\/#website"},"datePublished":"2025-11-21T12:02:14+00:00","description":"\u00b7 LAS PACAS","breadcrumb":{"@id":"https:\/\/laspacas.com\/en\/politica-cookies\/#breadcrumb"},"inLanguage":"en-US","potentialAction":[{"@type":"ReadAction","target":["https:\/\/laspacas.com\/en\/politica-cookies\/"]}]},{"@type":"BreadcrumbList","@id":"https:\/\/laspacas.com\/en\/politica-cookies\/#breadcrumb","itemListElement":[{"@type":"ListItem","position":1,"name":"Portada","item":"https:\/\/laspacas.com\/en\/"},{"@type":"ListItem","position":2,"name":"Pol\u00edtica de Cookies"}]},{"@type":"WebSite","@id":"https:\/\/laspacas.com\/en\/#website","url":"https:\/\/laspacas.com\/en\/","name":"Las Pacas","description":"Fabricante de Alpargatas y Sneakers en La Rioja","publisher":{"@id":"https:\/\/laspacas.com\/en\/#organization"},"alternateName":"Las Pacas","potentialAction":[{"@type":"SearchAction","target":{"@type":"EntryPoint","urlTemplate":"https:\/\/laspacas.com\/en\/?s={search_term_string}"},"query-input":{"@type":"PropertyValueSpecification","valueRequired":true,"valueName":"search_term_string"}}],"inLanguage":"en-US"},{"@type":"Organization","@id":"https:\/\/laspacas.com\/en\/#organization","name":"Las Pacas Original SL","alternateName":"Las Pacas","url":"https:\/\/laspacas.com\/en\/","logo":{"@type":"ImageObject","inLanguage":"en-US","@id":"https:\/\/laspacas.com\/en\/#\/schema\/logo\/image\/","url":"https:\/\/laspacas.com\/wp-content\/uploads\/2025\/11\/logo-las-pacas.webp","contentUrl":"https:\/\/laspacas.com\/wp-content\/uploads\/2025\/11\/logo-las-pacas.webp","width":500,"height":190,"caption":"Las Pacas Original SL"},"image":{"@id":"https:\/\/laspacas.com\/en\/#\/schema\/logo\/image\/"},"sameAs":["https:\/\/www.facebook.com\/LasPacasOfficial\/","https:\/\/www.instagram.com\/laspacasofficial\/"]}]}},"_links":{"self":[{"href":"https:\/\/laspacas.com\/en\/wp-json\/wp\/v2\/pages\/1729","targetHints":{"allow":["GET"]}}],"collection":[{"href":"https:\/\/laspacas.com\/en\/wp-json\/wp\/v2\/pages"}],"about":[{"href":"https:\/\/laspacas.com\/en\/wp-json\/wp\/v2\/types\/page"}],"author":[{"embeddable":true,"href":"https:\/\/laspacas.com\/en\/wp-json\/wp\/v2\/users\/1"}],"replies":[{"embeddable":true,"href":"https:\/\/laspacas.com\/en\/wp-json\/wp\/v2\/comments?post=1729"}],"version-history":[{"count":0,"href":"https:\/\/laspacas.com\/en\/wp-json\/wp\/v2\/pages\/1729\/revisions"}],"wp:attachment":[{"href":"https:\/\/laspacas.com\/en\/wp-json\/wp\/v2\/media?parent=1729"}],"curies":[{"name":"wp","href":"https:\/\/api.w.org\/{rel}","templated":true}]}}